{"id":975,"date":"2019-10-11T14:17:53","date_gmt":"2019-10-11T21:17:53","guid":{"rendered":"https:\/\/beckerinternationallaw.com\/imprint\/"},"modified":"2019-10-11T14:21:58","modified_gmt":"2019-10-11T21:21:58","slug":"impressum","status":"publish","type":"page","link":"https:\/\/beckerinternationallaw.com\/de\/impressum\/","title":{"rendered":"Impressum"},"content":{"rendered":"\n<h2 class=\"wp-block-heading\">Timo A. Becker P.A.<\/h2>\n\n\n\n<p>Professional Association (Gesellschaft mit beschr\u00e4nkter Haftung)<\/p>\n\n\n\n<p>Doing business as <strong>Becker International Law<\/strong><\/p>\n\n\n\n<p>1395 Brickell\nAvenue Suite 800<\/p>\n\n\n\n<p>Miami, Florida\n33131<\/p>\n\n\n\n<p>USA<\/p>\n\n\n\n<p>Telefon: +1 303\n956 6938<\/p>\n\n\n\n<p>E-mail: <a href=\"mailto:info@beckerinternationallaw.com\">info@beckerinternationallaw.com<\/a><\/p>\n\n\n\n<p>Gesch\u00e4ftsf\u00fchrer<\/p>\n\n\n\n<p>Timo Becker<\/p>\n\n\n\n<p>Registriert\nFlorida Department of State, Division of Corporations<\/p>\n\n\n\n<p>P19000020102<\/p>\n\n\n\n<p>Inhaltlich verantwortlich (\u00a755 Abs. 2 Rundfunkstaatsvertrag)<\/p>\n\n\n\n<p>Timo A. Becker,\nJ.D.<\/p>\n\n\n\n<p>Rechtsanwalt <\/p>\n\n\n\n<p>Fachanwalt f\u00fcr\nSteuerrecht<\/p>\n\n\n\n<p>Attorney at Law\n(Florida)<\/p>\n\n\n\n<p>Rechtsanwalt und Fachanwalt f\u00fcr Steuerrecht<\/p>\n\n\n\n<p><strong>Berufsbezeichnung<\/strong><\/p>\n\n\n\n<p>Die\nBerufsbezeichnung \u201eRechtsanwalt&#8220; wird dem deutschen Juristen nach\nbestandener 1. und 2. juristischer Staatspr\u00fcfung und einem besonderem\nZulassungsverfahren von der jeweiligen \u00f6rtlich zust\u00e4ndigen Rechtsanwaltskammer erteilt.\nDie Bezeichnung \u201eFachanwalt f\u00fcr Steuerrecht\u201c wird einem deutschen Rechtsanwalt\nnach mindestens 2 j\u00e4hriger Berufst\u00e4tigkeit und nach einem erfolgreich abgelegten\nFachanwaltslehrgang sowie&nbsp; dem Nachweis\nder praktischen T\u00e4tigkeit auf den wesentlichen Gebieten des deutschen Steuerrechts\nvon der \u00f6rtlich zust\u00e4ndigen Rechtsanwaltskammer erteilt. <\/p>\n\n\n\n<p><strong>Berufsrechtliche\nRegelungen<\/strong><\/p>\n\n\n\n<p>Der Berufsstand der Rechtsanw\u00e4lte unterliegt im\nWesentlichen den nachstehenden berufsrechtlichen Regelungen:<\/p>\n\n\n\n<ul class=\"wp-block-list\"><li>Berufsordnung (BORA)<\/li><li>Fachanwaltsordnung (FAO)<\/li><li>Bundesrechtsanwaltsordnung (BRAO)<\/li><li>Bundesgeb\u00fchrenordnung f\u00fcr Rechtsanw\u00e4lte (BRAGO\/RVG)<\/li><li>Berufsregeln der Rechtsanw\u00e4lte in der Europ\u00e4ischen Gemeinschaft Gesetz \u00fcber die T\u00e4tigkeit europ\u00e4ischer Rechtsanw\u00e4lte in Deutschland (EuRAG)<\/li><\/ul>\n\n\n\n<p>Die berufsrechtlichen Regelungen der\nBundesrechtanwaltskammer k\u00f6nnen unter&nbsp;<a href=\"http:\/\/www.brak.de\/\" target=\"_blank\" rel=\"noreferrer noopener\">www.brak.de<\/a>&nbsp;eingesehen werden.<\/p>\n\n\n\n<p><strong>Zust\u00e4ndige Aufsichtsbeh\u00f6rde<\/strong><\/p>\n\n\n\n<p>Rechtsanwaltskammer Berlin<\/p>\n\n\n\n<p>Littenstra\u00dfe 9<\/p>\n\n\n\n<p>D-10179 Berlin<\/p>\n\n\n\n<p><a href=\"http:\/\/www.rak-berlin.de\">www.rak-berlin.de<\/a><\/p>\n\n\n\n<p><a href=\"mailto:info@rak-berlin.org\">info@rak-berlin.org<\/a><\/p>\n\n\n\n<p><strong>Attorney<\/strong><\/p>\n\n\n\n<p><strong>Berufsbezeichnung<\/strong><\/p>\n\n\n\n<p>Der Titel \u201cAttorney\u201d wird vom Supreme\nCourt of the State of Florida verliehen.<\/p>\n\n\n\n<p><strong>Berufsrechtliche\nRegelungen<\/strong><\/p>\n\n\n\n<p>The Florida Supreme Court Rules of\nProfessional Conduct<\/p>\n\n\n\n<figure class=\"wp-block-embed-wordpress wp-block-embed is-type-wp-embed is-provider-the-florida-bar\"><div class=\"wp-block-embed__wrapper\">\n<blockquote class=\"wp-embedded-content\" data-secret=\"vVqRnqjCWw\"><a href=\"https:\/\/www.floridabar.org\/rules\/rrtfb\/\">Rules Regulating The Florida Bar<\/a><\/blockquote><iframe loading=\"lazy\" class=\"wp-embedded-content\" sandbox=\"allow-scripts\" security=\"restricted\" style=\"position: absolute; clip: rect(1px, 1px, 1px, 1px);\" title=\"&#8220;Rules Regulating The Florida Bar&#8221; &#8212; The Florida Bar\" src=\"https:\/\/www.floridabar.org\/rules\/rrtfb\/embed\/#?secret=5wPcHgtbbB#?secret=vVqRnqjCWw\" data-secret=\"vVqRnqjCWw\" width=\"500\" height=\"282\" frameborder=\"0\" marginwidth=\"0\" marginheight=\"0\" scrolling=\"no\"><\/iframe>\n<\/div><\/figure>\n\n\n\n<p><strong>Zust\u00e4ndige Aufsichtsbeh\u00f6rde<\/strong><\/p>\n\n\n\n<p>The Florida Bar Association<\/p>\n\n\n\n<p>651 E. Jefferson Street<\/p>\n\n\n\n<p>Tallahassee, FL 32399-2300<\/p>\n\n\n\n<p>USA<\/p>\n\n\n\n<p><a href=\"http:\/\/www.floridabar.org\">www.floridabar.org<\/a><\/p>\n","protected":false},"excerpt":{"rendered":"<p>Timo A. Becker P.A. Professional Association (Gesellschaft mit beschr\u00e4nkter Haftung) Doing business as Becker International Law 1395 Brickell Avenue Suite 800 Miami, Florida 33131 USA Telefon: +1 303 956 6938 E-mail: info@beckerinternationallaw.com Gesch\u00e4ftsf\u00fchrer Timo Becker Registriert Florida Department of State, Division of Corporations P19000020102 Inhaltlich verantwortlich (\u00a755 Abs. 2 Rundfunkstaatsvertrag) Timo A. Becker, J.D. Rechtsanwalt Fachanwalt f\u00fcr Steuerrecht Attorney at Law (Florida) Rechtsanwalt und Fachanwalt f\u00fcr Steuerrecht Berufsbezeichnung Die Berufsbezeichnung \u201eRechtsanwalt&#8220; wird dem deutschen Juristen nach bestandener 1. und 2. juristischer Staatspr\u00fcfung und einem besonderem Zulassungsverfahren von der jeweiligen \u00f6rtlich zust\u00e4ndigen Rechtsanwaltskammer erteilt. Die Bezeichnung \u201eFachanwalt f\u00fcr Steuerrecht\u201c wird einem deutschen Rechtsanwalt nach mindestens 2 j\u00e4hriger Berufst\u00e4tigkeit und nach einem erfolgreich abgelegten Fachanwaltslehrgang sowie&nbsp; dem Nachweis der praktischen T\u00e4tigkeit auf den wesentlichen Gebieten des deutschen Steuerrechts von der \u00f6rtlich zust\u00e4ndigen Rechtsanwaltskammer erteilt. Berufsrechtliche Regelungen Der Berufsstand der Rechtsanw\u00e4lte unterliegt im Wesentlichen den nachstehenden berufsrechtlichen Regelungen: Berufsordnung (BORA) Fachanwaltsordnung (FAO) Bundesrechtsanwaltsordnung (BRAO) Bundesgeb\u00fchrenordnung f\u00fcr Rechtsanw\u00e4lte (BRAGO\/RVG) Berufsregeln der Rechtsanw\u00e4lte in der Europ\u00e4ischen Gemeinschaft Gesetz \u00fcber die T\u00e4tigkeit europ\u00e4ischer Rechtsanw\u00e4lte in Deutschland (EuRAG) Die berufsrechtlichen Regelungen der Bundesrechtanwaltskammer k\u00f6nnen unter&nbsp;www.brak.de&nbsp;eingesehen werden. Zust\u00e4ndige Aufsichtsbeh\u00f6rde Rechtsanwaltskammer Berlin Littenstra\u00dfe 9 D-10179 Berlin www.rak-berlin.de info@rak-berlin.org Attorney Berufsbezeichnung Der Titel \u201cAttorney\u201d wird vom Supreme Court of the State of Florida verliehen. Berufsrechtliche Regelungen The Florida Supreme Court Rules of Professional Conduct Zust\u00e4ndige Aufsichtsbeh\u00f6rde The Florida Bar Association 651 E. Jefferson Street Tallahassee, FL 32399-2300 USA www.floridabar.org<\/p>\n","protected":false},"author":13,"featured_media":0,"parent":0,"menu_order":0,"comment_status":"closed","ping_status":"closed","template":"","meta":{"_acf_changed":false,"footnotes":""},"class_list":["post-975","page","type-page","status-publish","hentry"],"acf":[],"yoast_head":"<!-- This site is optimized with the Yoast SEO plugin v27.3 - https:\/\/yoast.com\/product\/yoast-seo-wordpress\/ -->\n<title>Impressum - Becker International Law<\/title>\n<meta name=\"robots\" content=\"index, follow, max-snippet:-1, max-image-preview:large, max-video-preview:-1\" \/>\n<link rel=\"canonical\" href=\"https:\/\/beckerinternationallaw.com\/de\/impressum\/\" \/>\n<meta property=\"og:locale\" content=\"de_DE\" \/>\n<meta property=\"og:type\" content=\"article\" \/>\n<meta property=\"og:title\" content=\"Impressum - Becker International Law\" \/>\n<meta property=\"og:description\" content=\"Timo A. Becker P.A. Professional Association (Gesellschaft mit beschr\u00e4nkter Haftung) Doing business as Becker International Law 1395 Brickell Avenue Suite 800 Miami, Florida 33131 USA Telefon: +1 303 956 6938 E-mail: info@beckerinternationallaw.com Gesch\u00e4ftsf\u00fchrer Timo Becker Registriert Florida Department of State, Division of Corporations P19000020102 Inhaltlich verantwortlich (\u00a755 Abs. 2 Rundfunkstaatsvertrag) Timo A. Becker, J.D. Rechtsanwalt Fachanwalt f\u00fcr Steuerrecht Attorney at Law (Florida) Rechtsanwalt und Fachanwalt f\u00fcr Steuerrecht Berufsbezeichnung Die Berufsbezeichnung \u201eRechtsanwalt&#8220; wird dem deutschen Juristen nach bestandener 1. und 2. juristischer Staatspr\u00fcfung und einem besonderem Zulassungsverfahren von der jeweiligen \u00f6rtlich zust\u00e4ndigen Rechtsanwaltskammer erteilt. Die Bezeichnung \u201eFachanwalt f\u00fcr Steuerrecht\u201c wird einem deutschen Rechtsanwalt nach mindestens 2 j\u00e4hriger Berufst\u00e4tigkeit und nach einem erfolgreich abgelegten Fachanwaltslehrgang sowie&nbsp; dem Nachweis der praktischen T\u00e4tigkeit auf den wesentlichen Gebieten des deutschen Steuerrechts von der \u00f6rtlich zust\u00e4ndigen Rechtsanwaltskammer erteilt. Berufsrechtliche Regelungen Der Berufsstand der Rechtsanw\u00e4lte unterliegt im Wesentlichen den nachstehenden berufsrechtlichen Regelungen: Berufsordnung (BORA) Fachanwaltsordnung (FAO) Bundesrechtsanwaltsordnung (BRAO) Bundesgeb\u00fchrenordnung f\u00fcr Rechtsanw\u00e4lte (BRAGO\/RVG) Berufsregeln der Rechtsanw\u00e4lte in der Europ\u00e4ischen Gemeinschaft Gesetz \u00fcber die T\u00e4tigkeit europ\u00e4ischer Rechtsanw\u00e4lte in Deutschland (EuRAG) Die berufsrechtlichen Regelungen der Bundesrechtanwaltskammer k\u00f6nnen unter&nbsp;www.brak.de&nbsp;eingesehen werden. Zust\u00e4ndige Aufsichtsbeh\u00f6rde Rechtsanwaltskammer Berlin Littenstra\u00dfe 9 D-10179 Berlin www.rak-berlin.de info@rak-berlin.org Attorney Berufsbezeichnung Der Titel \u201cAttorney\u201d wird vom Supreme Court of the State of Florida verliehen. Berufsrechtliche Regelungen The Florida Supreme Court Rules of Professional Conduct Zust\u00e4ndige Aufsichtsbeh\u00f6rde The Florida Bar Association 651 E. Jefferson Street Tallahassee, FL 32399-2300 USA www.floridabar.org\" \/>\n<meta property=\"og:url\" content=\"https:\/\/beckerinternationallaw.com\/de\/impressum\/\" \/>\n<meta property=\"og:site_name\" content=\"Becker International Law\" \/>\n<meta property=\"article:modified_time\" content=\"2019-10-11T21:21:58+00:00\" \/>\n<meta name=\"twitter:card\" content=\"summary_large_image\" \/>\n<meta name=\"twitter:label1\" content=\"Gesch\u00e4tzte Lesezeit\" \/>\n\t<meta name=\"twitter:data1\" content=\"1 Minute\" \/>\n<script type=\"application\/ld+json\" class=\"yoast-schema-graph\">{\"@context\":\"https:\\\/\\\/schema.org\",\"@graph\":[{\"@type\":\"WebPage\",\"@id\":\"https:\\\/\\\/beckerinternationallaw.com\\\/de\\\/impressum\\\/\",\"url\":\"https:\\\/\\\/beckerinternationallaw.com\\\/de\\\/impressum\\\/\",\"name\":\"Impressum - Becker International Law\",\"isPartOf\":{\"@id\":\"https:\\\/\\\/beckerinternationallaw.com\\\/de\\\/#website\"},\"datePublished\":\"2019-10-11T21:17:53+00:00\",\"dateModified\":\"2019-10-11T21:21:58+00:00\",\"breadcrumb\":{\"@id\":\"https:\\\/\\\/beckerinternationallaw.com\\\/de\\\/impressum\\\/#breadcrumb\"},\"inLanguage\":\"de-DE\",\"potentialAction\":[{\"@type\":\"ReadAction\",\"target\":[\"https:\\\/\\\/beckerinternationallaw.com\\\/de\\\/impressum\\\/\"]}]},{\"@type\":\"BreadcrumbList\",\"@id\":\"https:\\\/\\\/beckerinternationallaw.com\\\/de\\\/impressum\\\/#breadcrumb\",\"itemListElement\":[{\"@type\":\"ListItem\",\"position\":1,\"name\":\"Home\",\"item\":\"https:\\\/\\\/beckerinternationallaw.com\\\/de\\\/\"},{\"@type\":\"ListItem\",\"position\":2,\"name\":\"Impressum\"}]},{\"@type\":\"WebSite\",\"@id\":\"https:\\\/\\\/beckerinternationallaw.com\\\/de\\\/#website\",\"url\":\"https:\\\/\\\/beckerinternationallaw.com\\\/de\\\/\",\"name\":\"Becker International Law\",\"description\":\"\",\"potentialAction\":[{\"@type\":\"SearchAction\",\"target\":{\"@type\":\"EntryPoint\",\"urlTemplate\":\"https:\\\/\\\/beckerinternationallaw.com\\\/de\\\/?s={search_term_string}\"},\"query-input\":{\"@type\":\"PropertyValueSpecification\",\"valueRequired\":true,\"valueName\":\"search_term_string\"}}],\"inLanguage\":\"de-DE\"}]}<\/script>\n<!-- \/ Yoast SEO plugin. -->","yoast_head_json":{"title":"Impressum - Becker International Law","robots":{"index":"index","follow":"follow","max-snippet":"max-snippet:-1","max-image-preview":"max-image-preview:large","max-video-preview":"max-video-preview:-1"},"canonical":"https:\/\/beckerinternationallaw.com\/de\/impressum\/","og_locale":"de_DE","og_type":"article","og_title":"Impressum - Becker International Law","og_description":"Timo A. Becker P.A. Professional Association (Gesellschaft mit beschr\u00e4nkter Haftung) Doing business as Becker International Law 1395 Brickell Avenue Suite 800 Miami, Florida 33131 USA Telefon: +1 303 956 6938 E-mail: info@beckerinternationallaw.com Gesch\u00e4ftsf\u00fchrer Timo Becker Registriert Florida Department of State, Division of Corporations P19000020102 Inhaltlich verantwortlich (\u00a755 Abs. 2 Rundfunkstaatsvertrag) Timo A. Becker, J.D. Rechtsanwalt Fachanwalt f\u00fcr Steuerrecht Attorney at Law (Florida) Rechtsanwalt und Fachanwalt f\u00fcr Steuerrecht Berufsbezeichnung Die Berufsbezeichnung \u201eRechtsanwalt&#8220; wird dem deutschen Juristen nach bestandener 1. und 2. juristischer Staatspr\u00fcfung und einem besonderem Zulassungsverfahren von der jeweiligen \u00f6rtlich zust\u00e4ndigen Rechtsanwaltskammer erteilt. Die Bezeichnung \u201eFachanwalt f\u00fcr Steuerrecht\u201c wird einem deutschen Rechtsanwalt nach mindestens 2 j\u00e4hriger Berufst\u00e4tigkeit und nach einem erfolgreich abgelegten Fachanwaltslehrgang sowie&nbsp; dem Nachweis der praktischen T\u00e4tigkeit auf den wesentlichen Gebieten des deutschen Steuerrechts von der \u00f6rtlich zust\u00e4ndigen Rechtsanwaltskammer erteilt. Berufsrechtliche Regelungen Der Berufsstand der Rechtsanw\u00e4lte unterliegt im Wesentlichen den nachstehenden berufsrechtlichen Regelungen: Berufsordnung (BORA) Fachanwaltsordnung (FAO) Bundesrechtsanwaltsordnung (BRAO) Bundesgeb\u00fchrenordnung f\u00fcr Rechtsanw\u00e4lte (BRAGO\/RVG) Berufsregeln der Rechtsanw\u00e4lte in der Europ\u00e4ischen Gemeinschaft Gesetz \u00fcber die T\u00e4tigkeit europ\u00e4ischer Rechtsanw\u00e4lte in Deutschland (EuRAG) Die berufsrechtlichen Regelungen der Bundesrechtanwaltskammer k\u00f6nnen unter&nbsp;www.brak.de&nbsp;eingesehen werden. Zust\u00e4ndige Aufsichtsbeh\u00f6rde Rechtsanwaltskammer Berlin Littenstra\u00dfe 9 D-10179 Berlin www.rak-berlin.de info@rak-berlin.org Attorney Berufsbezeichnung Der Titel \u201cAttorney\u201d wird vom Supreme Court of the State of Florida verliehen. Berufsrechtliche Regelungen The Florida Supreme Court Rules of Professional Conduct Zust\u00e4ndige Aufsichtsbeh\u00f6rde The Florida Bar Association 651 E. Jefferson Street Tallahassee, FL 32399-2300 USA www.floridabar.org","og_url":"https:\/\/beckerinternationallaw.com\/de\/impressum\/","og_site_name":"Becker International Law","article_modified_time":"2019-10-11T21:21:58+00:00","twitter_card":"summary_large_image","twitter_misc":{"Gesch\u00e4tzte Lesezeit":"1 Minute"},"schema":{"@context":"https:\/\/schema.org","@graph":[{"@type":"WebPage","@id":"https:\/\/beckerinternationallaw.com\/de\/impressum\/","url":"https:\/\/beckerinternationallaw.com\/de\/impressum\/","name":"Impressum - Becker International Law","isPartOf":{"@id":"https:\/\/beckerinternationallaw.com\/de\/#website"},"datePublished":"2019-10-11T21:17:53+00:00","dateModified":"2019-10-11T21:21:58+00:00","breadcrumb":{"@id":"https:\/\/beckerinternationallaw.com\/de\/impressum\/#breadcrumb"},"inLanguage":"de-DE","potentialAction":[{"@type":"ReadAction","target":["https:\/\/beckerinternationallaw.com\/de\/impressum\/"]}]},{"@type":"BreadcrumbList","@id":"https:\/\/beckerinternationallaw.com\/de\/impressum\/#breadcrumb","itemListElement":[{"@type":"ListItem","position":1,"name":"Home","item":"https:\/\/beckerinternationallaw.com\/de\/"},{"@type":"ListItem","position":2,"name":"Impressum"}]},{"@type":"WebSite","@id":"https:\/\/beckerinternationallaw.com\/de\/#website","url":"https:\/\/beckerinternationallaw.com\/de\/","name":"Becker International Law","description":"","potentialAction":[{"@type":"SearchAction","target":{"@type":"EntryPoint","urlTemplate":"https:\/\/beckerinternationallaw.com\/de\/?s={search_term_string}"},"query-input":{"@type":"PropertyValueSpecification","valueRequired":true,"valueName":"search_term_string"}}],"inLanguage":"de-DE"}]}},"featured_image_src":null,"featured_image_src_square":null,"_links":{"self":[{"href":"https:\/\/beckerinternationallaw.com\/de\/wp-json\/wp\/v2\/pages\/975","targetHints":{"allow":["GET"]}}],"collection":[{"href":"https:\/\/beckerinternationallaw.com\/de\/wp-json\/wp\/v2\/pages"}],"about":[{"href":"https:\/\/beckerinternationallaw.com\/de\/wp-json\/wp\/v2\/types\/page"}],"author":[{"embeddable":true,"href":"https:\/\/beckerinternationallaw.com\/de\/wp-json\/wp\/v2\/users\/13"}],"replies":[{"embeddable":true,"href":"https:\/\/beckerinternationallaw.com\/de\/wp-json\/wp\/v2\/comments?post=975"}],"version-history":[{"count":0,"href":"https:\/\/beckerinternationallaw.com\/de\/wp-json\/wp\/v2\/pages\/975\/revisions"}],"wp:attachment":[{"href":"https:\/\/beckerinternationallaw.com\/de\/wp-json\/wp\/v2\/media?parent=975"}],"curies":[{"name":"wp","href":"https:\/\/api.w.org\/{rel}","templated":true}]}}